{"id":25,"date":"2019-12-02T11:26:57","date_gmt":"2019-12-02T08:26:57","guid":{"rendered":"https:\/\/egeperinatoloji.org\/?page_id=25"},"modified":"2024-07-31T11:53:39","modified_gmt":"2024-07-31T08:53:39","slug":"tarihce","status":"publish","type":"page","link":"https:\/\/egeperinatoloji.org\/?page_id=25","title":{"rendered":"Tarih\u00e7e"},"content":{"rendered":"\n<p>Ege Perinatoloji Derne\u011fi&nbsp;&nbsp;16 Aral\u0131k 1994 tarihinde Kad\u0131n Hastal\u0131klar\u0131 ve Do\u011fum Uzmanlar\u0131, Pediatri Uzmanlar\u0131 ve Genetik Uzmanlar\u0131nca multidisipliner bir anlay\u0131\u015fla&nbsp;&nbsp;kurulmu\u015f, ilk y\u00f6netim kurulu Do\u00e7. Dr. Nurettin Demir ba\u015fkanl\u0131\u011f\u0131nda, Do\u00e7. Dr. Ferda \u00d6zk\u0131nay, Do\u00e7. Dr. Nam\u0131k Demir, Uz. Dr. Resmiye Oral ve Do\u00e7. Dr. Ali Balo\u011flu\u2019ndan olu\u015fmu\u015ftur.&nbsp;&nbsp;<\/p>\n\n\n\n<p>26 Ocak 1995 y\u0131l\u0131nda yap\u0131lan ilk&nbsp;&nbsp;Genel Kurul\u2019un ard\u0131ndan Do\u00e7. Dr. Nurettin Demir ba\u015fkanl\u0131\u011fa , Do\u00e7. Dr. Ferda \u00d6zk\u0131nay, Do\u00e7. Dr. Nam\u0131k Demir, Prof. Dr. Nilg\u00fcn K\u00fclt\u00fcrsay, Op. Dr. Hakan Kan\u0131t ise y\u00f6netim kurulu \u00fcyeliklerine se\u00e7ilmi\u015flerdir. Bu tarihten itibaren Olgu Sunumu Toplant\u0131lar\u0131, panel ve kurslar d\u00fczenlenmi\u015f, perinatoloji alan\u0131nda ortak bilgi al\u0131\u015fveri\u015finin sa\u011flanmas\u0131, disiplinler aras\u0131 i\u015fbirli\u011finin geli\u015ftirilmesi ve bu alana ilgi duyan meslekta\u015flar\u0131m\u0131z\u0131n bilgi, g\u00f6rg\u00fc ve deneyiminin artt\u0131r\u0131lmas\u0131 i\u00e7in aral\u0131ks\u0131z \u00e7al\u0131\u015f\u0131lm\u0131\u015ft\u0131r.<\/p>\n\n\n\n<p>23.01.1997 tarihinde yap\u0131lan Genel Kurul Toplant\u0131s\u0131\u2019nda Y\u00f6netim Kurulu Asil \u00dcyeleri Nurettin Demir ( Ba\u015fkan), Hasan \u00d6zkan, Nilg\u00fcn K\u00fclt\u00fcrsay, Ferda \u00d6zk\u0131nay, Hakan Kan\u0131t, Y\u00f6netim Kurulu Yedek \u00dcyeleri B\u00fclent Uran, Ahmet Se\u00e7kin \u00d6no\u011flu, I\u015f\u0131n Yaprak, Resmiye Oral, Erdal Yermez, Denetleme Kurulu Asil \u00dcyeleri \u0130srael Aruh, \u0130ncim Bezircio\u011flu, Nermin Tansug, Denetleme Kurulu Yedek \u00dcyeleri Nam\u0131k Demir, Ert\u00fcrk Levent, Tevfik Yoldemir olarak belirlenmi\u015ftir. <\/p>\n\n\n\n<p>17.07.2000 tarihinde yap\u0131lan Genel Kurul\u2019da Y\u00f6netim Kurulu Asil \u00dcyeleri Ferda \u00d6zk\u0131nay ( Ba\u015fkan), Nilg\u00fcn K\u00fclt\u00fcrsay, Esen Demir, I\u015f\u0131n Yaprak, Sermet Sa\u011fol, Y\u00f6netim Kurulu Yedek \u00dcyeliklerine Nermin Tansu\u011f, Ata Erdener, Kemal \u00d6ztekin, Ye\u015fim Ayd\u0131nok, \u00dczeyir K\u0131rca, Denetleme Kurulu Asil \u00dcyeliklerine Hakan Kan\u0131t, \u0130srael Aruh, Damla G\u00f6k\u015fen, Denetleme Kurulu Yedek \u00dcyeliklerine Hatice Marifet, Ay\u015fe Yenig\u00fcn, Hasan \u00d6zkan se\u00e7ilmi\u015flerdir. <\/p>\n\n\n\n<p>11 Ekim 2000 tarihinde \u201c Yeni Biny\u0131lda Perinatal T\u0131pta Geli\u015fmeler\u201d toplant\u0131s\u0131 d\u00fczenlenmi\u015ftir. Olgu Sunumu toplant\u0131lar\u0131 devam ettirilmi\u015ftir. 18 Mart 2005\u2019te \u201c H\u0131zl\u0131 Prenatal Tan\u0131 ve Amniyosentez\u201d toplant\u0131s\u0131 yap\u0131lm\u0131\u015ft\u0131r.<\/p>\n\n\n\n<p> 16.03.2005 tarihinde Y\u00f6netim Kurulu Asil \u00dcyeliklerine Hakan Kan\u0131t ( Ba\u015fkan), Soner Recai \u00d6ner, Nermin Tansu\u011f, Sermet Sa\u011fol ve Derya Er\u00e7al se\u00e7ilmi\u015flerdir. 4 May\u0131s 2005 tarihinde \u201c Premat\u00fcrite Paneli\u201d 12 Ekim 2005\u2019de \u201cFetal ve Postpartum Enfeksiyonlar Paneli\u201d&nbsp;&nbsp;23 \u015eubat 2006\u2019da&nbsp;&nbsp;\u201c Fetal Ekokardiyografi Paneli\u201d 6 Aral\u0131k 2006\u2019da \u201c Sezeryan Normal Do\u011fum: Malpraktis A\u00e7\u0131s\u0131ndan Yakla\u015f\u0131m Paneli\u201d d\u00fczenlenmi\u015f, Olgu Sunumlar\u0131\u2019na d\u00fczenli olarak devam edilmi\u015ftir.&nbsp;&nbsp;7 Mart 2007\u2019de \u201c\u00c7o\u011ful Gebelikler Paneli\u201d, 25 Haziran 2007\u2019de \u201cGenetik Tarama Paneli\u201d yap\u0131lm\u0131\u015f ve Olgu Sunumu Toplant\u0131lar\u0131 d\u00fczenlenmi\u015ftir. <\/p>\n\n\n\n<p>10.08.2009 tarihli Genel Kurul ile Y\u00f6netim Kurulu Asil \u00dcyeliklerine Hakan Kan\u0131t ( Ba\u015fkan), Asude Durmaz, Asl\u0131han Y\u0131lmaz Ekmek\u00e7i, Soner Recai \u00d6ner, Zehra Mete se\u00e7ilmi\u015flerdir.&nbsp;&nbsp;4 kas\u0131m 2009\u2019da \u201c Bebekte Do\u011fum Yaralanmalar\u0131: Nedenler ve Sonu\u00e7lar Paneli\u201d, 25 Ocak 2010\u2019da \u201c Ge\u00e7 Tan\u0131 Alan Anomaliler Paneli\u201d d\u00fczenlenmi\u015ftir. <\/p>\n\n\n\n<p>11.05 .2011 tarihli Genel Kurul Toplant\u0131s\u0131 ile Y\u00f6netim Kurulu Asil \u00dcyeleri&nbsp;&nbsp;Ye\u015fim B\u00fclb\u00fcl ( Ba\u015fkan), Soner Recai \u00d6ner, Asl\u0131han Ekmek\u00e7i, \u0130ncim Bezircio\u011flu, Burak Durmaz olarak belirlenmi\u015ftir.<\/p>\n\n\n\n<p> 2013 Nisan Genel Kurul Toplant\u0131s\u0131 ile Ye\u015fim B\u00fclb\u00fcl (Ba\u015fkan), Asl\u0131han Ekmek\u00e7i, Ay\u00e7a Aykut, Mehmet \u00d6zeren, Ay\u015fe \u00d6zbakkalo\u011flu Y\u00f6netim Kurulu Asil \u00dcyeleri olarak se\u00e7ilmi\u015flerdir.&nbsp;&nbsp;<\/p>\n\n\n\n<p>Nisan 2015 Genel Kurulu\u2019nda ise Sabahattin Altunyurt (Ba\u015fkan), H. G\u00fcrsoy Pala, Tahir Atik, \u00d6zge K\u00f6ro\u011flu ve Ay\u00e7a Aykut Y\u00f6netim Kurulu \u00fcyeleri se\u00e7ilmi\u015ftir. <\/p>\n\n\n\n<p>Nisan 2017 Y\u00f6netim Kurulu: Sabahattin Altunyurt (Ba\u015fkan), H. G\u00fcrsoy Pala, Tahir Atik, \u00d6zge K\u00f6ro\u011flu ve Erhan Par\u0131ltay Asil \u00dcyeleri olarak se\u00e7ilmi\u015flerdir<\/p>\n\n\n\n<p>\u00a0Nisan 2019 ve A\u011fustos 2021 de yap\u0131lan genel kurul sonras\u0131\u00a0se\u00e7ilen y\u00f6netim kurulu: H. G\u00fcrsoy Pala (Ba\u015fkan), Erkan \u00c7a\u011fl\u0131yan, Tahir Atik, \u00d6zge K\u00f6ro\u011flu ve Erhan Par\u0131ltay <\/p>\n\n\n\n<p>Haziran 2023 de yap\u0131lan genel kurul sonras\u0131 y\u00f6netim kurulu: Erkan \u00c7a\u011fl\u0131yan (Ba\u015fkan), Tahir Atik, \u00d6zge K\u00f6ro\u011flu, Erhan Par\u0131ltay ve Ezgi Bilicen<br><\/p>\n\n\n<p><!--EndFragment--><\/p>\n\n\n<p><\/p>\n","protected":false},"excerpt":{"rendered":"<p>Ege Perinatoloji Derne\u011fi&nbsp;&nbsp;16 Aral\u0131k 1994 tarihinde Kad\u0131n Hastal\u0131klar\u0131 ve Do\u011fum Uzmanlar\u0131, Pediatri Uzmanlar\u0131 ve Genetik Uzmanlar\u0131nca multidisipliner bir anlay\u0131\u015fla&nbsp;&nbsp;kurulmu\u015f, ilk y\u00f6netim kurulu Do\u00e7. Dr. Nurettin Demir ba\u015fkanl\u0131\u011f\u0131nda, Do\u00e7. Dr. Ferda \u00d6zk\u0131nay, Do\u00e7. Dr. Nam\u0131k&#46;&#46;&#46;<\/p>\n","protected":false},"author":1,"featured_media":0,"parent":0,"menu_order":0,"comment_status":"closed","ping_status":"closed","template":"","meta":{"footnotes":""},"class_list":["post-25","page","type-page","status-publish","hentry"],"_links":{"self":[{"href":"https:\/\/egeperinatoloji.org\/index.php?rest_route=\/wp\/v2\/pages\/25","targetHints":{"allow":["GET"]}}],"collection":[{"href":"https:\/\/egeperinatoloji.org\/index.php?rest_route=\/wp\/v2\/pages"}],"about":[{"href":"https:\/\/egeperinatoloji.org\/index.php?rest_route=\/wp\/v2\/types\/page"}],"author":[{"embeddable":true,"href":"https:\/\/egeperinatoloji.org\/index.php?rest_route=\/wp\/v2\/users\/1"}],"replies":[{"embeddable":true,"href":"https:\/\/egeperinatoloji.org\/index.php?rest_route=%2Fwp%2Fv2%2Fcomments&post=25"}],"version-history":[{"count":1,"href":"https:\/\/egeperinatoloji.org\/index.php?rest_route=\/wp\/v2\/pages\/25\/revisions"}],"predecessor-version":[{"id":1149,"href":"https:\/\/egeperinatoloji.org\/index.php?rest_route=\/wp\/v2\/pages\/25\/revisions\/1149"}],"wp:attachment":[{"href":"https:\/\/egeperinatoloji.org\/index.php?rest_route=%2Fwp%2Fv2%2Fmedia&parent=25"}],"curies":[{"name":"wp","href":"https:\/\/api.w.org\/{rel}","templated":true}]}}