{"id":27,"date":"2019-12-02T11:28:10","date_gmt":"2019-12-02T08:28:10","guid":{"rendered":"https:\/\/egeperinatoloji.org\/?page_id=27"},"modified":"2019-12-02T11:28:10","modified_gmt":"2019-12-02T08:28:10","slug":"tuzugumuz","status":"publish","type":"page","link":"https:\/\/egeperinatoloji.org\/?page_id=27","title":{"rendered":"T\u00fcz\u00fc\u011f\u00fcm\u00fcz"},"content":{"rendered":"\n<ul class=\"wp-block-list\"><li><strong>MADDE 1:&nbsp;<\/strong>&nbsp;Derne\u011fin Ad\u0131&nbsp;&nbsp;&nbsp;&nbsp;&nbsp;&nbsp;: Ege Perinatoloji Derne\u011fi\u2019dir.<br>Merkezi&nbsp;&nbsp;&nbsp;&nbsp;&nbsp;&nbsp;&nbsp;&nbsp;&nbsp;&nbsp;&nbsp;&nbsp;&nbsp;&nbsp;&nbsp;&nbsp;&nbsp;: Alsancak \u2013 \u0130ZM\u0130R<br>Adresi&nbsp;&nbsp;&nbsp;&nbsp;&nbsp;&nbsp;&nbsp;&nbsp;&nbsp;&nbsp;&nbsp;&nbsp;&nbsp;&nbsp;&nbsp;&nbsp;&nbsp;&nbsp;&nbsp;&nbsp;: Talatpa\u015fa Bulvar\u0131 No:57\/11 Alsancak \u2013 \u0130ZM\u0130R<\/li><li><strong>MADDE 2:<\/strong> Derne\u011fin amac\u0131 ve \u00e7al\u0131\u015fma konular\u0131:<ul><li>a) Gebelerin ve yenido\u011fan sa\u011fl\u0131\u011f\u0131n\u0131 ve haklar\u0131n\u0131 koruyacak \u00e7al\u0131\u015fmalar yapmak.<\/li><li>b) Perinatoloji, Neonatoloji ve Genetik bilim dallar\u0131n\u0131n ba\u011f\u0131ms\u0131z olarak geli\u015fmelerine katk\u0131da bulunmak<\/li><li>c) Bu bilim dallar\u0131ndaki e\u011fitim, \u00f6\u011fretim ve t\u0131bbi yakla\u015f\u0131m\u0131 geli\u015ftirmek ve standartize etmek<br>Bu ama\u00e7la;<ul><li>1)Yasal kurulu\u015flardan izin almak ko\u015fuluyla y\u0131ll\u0131k kongre, sempozyum, panel ve kurslar d\u00fczenlemek<\/li><li>2)Mezuniyet sonras\u0131 ve meslek i\u00e7i ve s\u00fcrekli t\u0131p e\u011fitim programlar\u0131 d\u00fczenlemek ve desteklemek<\/li><li>3)Yay\u0131n organ\u0131 olu\u015fturmak<\/li><li>4)Bu alanda yap\u0131lacak bilimsel ara\u015ft\u0131rmalar\u0131 destekleyecek bir fon olu\u015fturmak<\/li><li>5)Bu alanda hizmet veren yurti\u00e7i ve yurtd\u0131\u015f\u0131 kurulu\u015flar\u0131n temsilciliklerini yapabilmek<\/li><li>6)Yay\u0131nla\u015fm\u0131\u015f \u00e7al\u0131\u015fmalar aras\u0131nda se\u00e7ilen baz\u0131 \u00fcr\u00fcnleri \u00f6d\u00fcllendirmek<\/li><li>7)Perinatoloji, Neonatoloji ve Genetik alanlar\u0131nda \u00fcst uzmanl\u0131k e\u011fitimi vermek amac\u0131 ile burs sa\u011flamak<\/li><li>8)Yasal kurulu\u015flardan izin almak ko\u015fuluyla yurti\u00e7i ve yurtd\u0131\u015f\u0131 bilimsel toplant\u0131lara (kongre ve kurs gibi) kat\u0131l\u0131m i\u00e7in destek sa\u011flamak.<\/li><\/ul><\/li><li>d) Bu alanda \u00e7al\u0131\u015fan bilim adamlar\u0131m\u0131z ve kurulu\u015flar aras\u0131nda koordinasyon ve ileti\u015fim sa\u011flamak<\/li><li>e) Bu alanda yap\u0131lm\u0131\u015f \u00e7al\u0131\u015fmlar\u0131n ar\u015fivlenmesini ve kullan\u0131ma sunulmas\u0131n\u0131 sa\u011flamak<\/li><li>f) Ulusal ve uluslararas\u0131 Perinatoloji, Neonatoloji ve Genetik kurulu\u015flar\u0131 ile ili\u015fkiler kururak \u00fclkemizdeki bilimsel \u00e7abalara katk\u0131 sa\u011flamak<\/li><li>g) B\u00f6lgesel perinatoloji organizasyonu sa\u011flamak amac\u0131 ile;<ul><li>1)B\u00f6lgesel perinatal merkezi ve bu merkezle ba\u011flant\u0131l\u0131 perinatal \u00fcniteler kurmak<\/li><li>2)Y\u00fcksek risk gruplar\u0131 konseyi ve Etik kurul kurumlar\u0131 olu\u015fturmak, \u00e7al\u0131\u015fma y\u00f6ntemlerini geli\u015ftirmek (y\u00fcksek riskli gebelerin risk skorlamas\u0131, sevk sistemlerinin -intrauterin ve neonatal transport- geli\u015ftirilmesi gibi)<\/li><li>3)Do\u011fum odalar\u0131n\u0131n ve bu odalar\u0131n bak\u0131m\u0131n\u0131n iyile\u015ftirilmesini desteklemek<\/li><li>4)D\u00fcnya Sa\u011fl\u0131k \u00d6rg\u00fct\u00fc programlar\u0131n\u0131n (Bebek dostu hastaneleri ve neonatal resis\u00fctasyon programlar\u0131 gibi) b\u00f6lgede yerle\u015ftirilmesi ve yayg\u0131nla\u015ft\u0131r\u0131lmas\u0131n\u0131 sa\u011flamak veya destek olmak.<\/li><li>5)B\u00f6lgemiz ve \u00fclkemizde yukar\u0131daki programlar\u0131 yerine getirilmesi i\u00e7in ki\u015fi ve kurumlar\u0131 zorunlu k\u0131lacak d\u00fczenlemeler yapmak (Sertifika, diploma vb.)<\/li><li>6)Perinatoloji, Neonatoloji ve Genetik alanlar\u0131nda halka sa\u011fl\u0131k hizmeti vermek.<\/li><\/ul><\/li><\/ul><\/li><\/ul>\n","protected":false},"excerpt":{"rendered":"<p>MADDE 1:&nbsp;&nbsp;Derne\u011fin Ad\u0131&nbsp;&nbsp;&nbsp;&nbsp;&nbsp;&nbsp;: Ege Perinatoloji Derne\u011fi\u2019dir.Merkezi&nbsp;&nbsp;&nbsp;&nbsp;&nbsp;&nbsp;&nbsp;&nbsp;&nbsp;&nbsp;&nbsp;&nbsp;&nbsp;&nbsp;&nbsp;&nbsp;&nbsp;: Alsancak \u2013 \u0130ZM\u0130RAdresi&nbsp;&nbsp;&nbsp;&nbsp;&nbsp;&nbsp;&nbsp;&nbsp;&nbsp;&nbsp;&nbsp;&nbsp;&nbsp;&nbsp;&nbsp;&nbsp;&nbsp;&nbsp;&nbsp;&nbsp;: Talatpa\u015fa Bulvar\u0131 No:57\/11 Alsancak \u2013 \u0130ZM\u0130R MADDE 2: Derne\u011fin amac\u0131 ve \u00e7al\u0131\u015fma konular\u0131: a) Gebelerin ve yenido\u011fan sa\u011fl\u0131\u011f\u0131n\u0131 ve haklar\u0131n\u0131 koruyacak \u00e7al\u0131\u015fmalar yapmak. b) Perinatoloji,&#46;&#46;&#46;<\/p>\n","protected":false},"author":1,"featured_media":0,"parent":0,"menu_order":0,"comment_status":"closed","ping_status":"closed","template":"","meta":{"footnotes":""},"class_list":["post-27","page","type-page","status-publish","hentry"],"_links":{"self":[{"href":"https:\/\/egeperinatoloji.org\/index.php?rest_route=\/wp\/v2\/pages\/27","targetHints":{"allow":["GET"]}}],"collection":[{"href":"https:\/\/egeperinatoloji.org\/index.php?rest_route=\/wp\/v2\/pages"}],"about":[{"href":"https:\/\/egeperinatoloji.org\/index.php?rest_route=\/wp\/v2\/types\/page"}],"author":[{"embeddable":true,"href":"https:\/\/egeperinatoloji.org\/index.php?rest_route=\/wp\/v2\/users\/1"}],"replies":[{"embeddable":true,"href":"https:\/\/egeperinatoloji.org\/index.php?rest_route=%2Fwp%2Fv2%2Fcomments&post=27"}],"version-history":[{"count":0,"href":"https:\/\/egeperinatoloji.org\/index.php?rest_route=\/wp\/v2\/pages\/27\/revisions"}],"wp:attachment":[{"href":"https:\/\/egeperinatoloji.org\/index.php?rest_route=%2Fwp%2Fv2%2Fmedia&parent=27"}],"curies":[{"name":"wp","href":"https:\/\/api.w.org\/{rel}","templated":true}]}}