{"id":29,"date":"2019-12-02T11:29:03","date_gmt":"2019-12-02T08:29:03","guid":{"rendered":"https:\/\/egeperinatoloji.org\/?page_id=29"},"modified":"2019-12-02T11:29:03","modified_gmt":"2019-12-02T08:29:03","slug":"uyelik-bilgileri-guncelleme","status":"publish","type":"page","link":"https:\/\/egeperinatoloji.org\/?page_id=29","title":{"rendered":"\u00dcyelik Bilgileri G\u00fcncelleme"},"content":{"rendered":"\n<p><br>De\u011ferli \u00dcyelerimiz,<\/p>\n\n\n\n<p>Ege Perinatoloji Derne\u011fi \u00fcyelerinin ki\u015fisel bilgilerinin g\u00fcncellenmesi gerekmektedir. Bu ba\u011flamda T.C. Kimlik No, isim-soy isim, do\u011fum tarihi, e-posta ve cep telefonu bilgileri\u2019ni  Do\u00e7. Dr. H. G\u00fcrsoy PALA\u2019ya mail yoluyla&nbsp;<a>gursoypala@yahoo.com<\/a>&nbsp;adresine g\u00f6ndermeleri gerekmektedir. Bilgileri yenilenemeyen ki\u015filerin dernekler masas\u0131 bilgi sistemine elektronik olarak bilgileri girilemeyece\u011fi i\u00e7in \u00fcyelikleri d\u00fc\u015fecek, yani dernek ile ilgileri kalmamas\u0131 nedeni ile \u00fcyeliklerinin iptal edilmesi durumu ile kar\u015f\u0131 kar\u015f\u0131ya kalacaklard\u0131r.<\/p>\n\n\n\n<p>Bu bilgilendirme yap\u0131lmas\u0131 yasal zorunluluk olup, tebli\u011f niteli\u011finde kabul edilmektedir. Bilgilerinize sunulur.<\/p>\n\n\n\n<p>Ege Perinatoloji Derne\u011fi Y\u00f6netim Kurulu ad\u0131na,<\/p>\n\n\n\n<p>Do\u00e7. Dr. H. G\u00fcrsoy PALA<br>Sa\u011fl\u0131k Bilimleri \u00dcniversitesi<br>\u0130zmir Tepecik E\u011fitim ve Ara\u015ft\u0131rma Hastanesi<br>Kad\u0131n Hastal\u0131klar\u0131 ve Do\u011fum &#8211; Perinatoloji Uzman\u0131<br>Ege Perinatoloji Derne\u011fi Ba\u015fkan\u0131<\/p>\n\n\n<p><!--EndFragment--><br>\n<br>\n<\/p>","protected":false},"excerpt":{"rendered":"<p>De\u011ferli \u00dcyelerimiz, Ege Perinatoloji Derne\u011fi \u00fcyelerinin ki\u015fisel bilgilerinin g\u00fcncellenmesi gerekmektedir. Bu ba\u011flamda T.C. Kimlik No, isim-soy isim, do\u011fum tarihi, e-posta ve cep telefonu bilgileri\u2019ni Do\u00e7. Dr. H. G\u00fcrsoy PALA\u2019ya mail yoluyla&nbsp;gursoypala@yahoo.com&nbsp;adresine g\u00f6ndermeleri gerekmektedir. Bilgileri&#46;&#46;&#46;<\/p>\n","protected":false},"author":1,"featured_media":0,"parent":0,"menu_order":0,"comment_status":"closed","ping_status":"closed","template":"","meta":{"footnotes":""},"class_list":["post-29","page","type-page","status-publish","hentry"],"_links":{"self":[{"href":"https:\/\/egeperinatoloji.org\/index.php?rest_route=\/wp\/v2\/pages\/29","targetHints":{"allow":["GET"]}}],"collection":[{"href":"https:\/\/egeperinatoloji.org\/index.php?rest_route=\/wp\/v2\/pages"}],"about":[{"href":"https:\/\/egeperinatoloji.org\/index.php?rest_route=\/wp\/v2\/types\/page"}],"author":[{"embeddable":true,"href":"https:\/\/egeperinatoloji.org\/index.php?rest_route=\/wp\/v2\/users\/1"}],"replies":[{"embeddable":true,"href":"https:\/\/egeperinatoloji.org\/index.php?rest_route=%2Fwp%2Fv2%2Fcomments&post=29"}],"version-history":[{"count":0,"href":"https:\/\/egeperinatoloji.org\/index.php?rest_route=\/wp\/v2\/pages\/29\/revisions"}],"wp:attachment":[{"href":"https:\/\/egeperinatoloji.org\/index.php?rest_route=%2Fwp%2Fv2%2Fmedia&parent=29"}],"curies":[{"name":"wp","href":"https:\/\/api.w.org\/{rel}","templated":true}]}}