{"id":31,"date":"2019-12-02T11:29:50","date_gmt":"2019-12-02T08:29:50","guid":{"rendered":"https:\/\/egeperinatoloji.org\/?page_id=31"},"modified":"2019-12-02T14:10:01","modified_gmt":"2019-12-02T11:10:01","slug":"toplantilar","status":"publish","type":"page","link":"https:\/\/egeperinatoloji.org\/?page_id=31","title":{"rendered":"Toplant\u0131lar"},"content":{"rendered":"<ul class=\"wp-block-latest-posts__list wp-block-latest-posts\"><li><a class=\"wp-block-latest-posts__post-title\" href=\"https:\/\/egeperinatoloji.org\/?p=1173\">OLA\u011eAN\u00dcST\u00dc GENEL KURUL TOPLANTISI \u00c7A\u011eRISI<\/a><\/li>\n<li><a class=\"wp-block-latest-posts__post-title\" href=\"https:\/\/egeperinatoloji.org\/?p=1167\">Akondroplazi: Erken Tan\u0131dan Tedaviye 21 Ekim 2025<\/a><\/li>\n<li><a class=\"wp-block-latest-posts__post-title\" href=\"https:\/\/egeperinatoloji.org\/?p=1157\">Antenatal Tarama ve Tan\u0131 16 Ekim 2024<\/a><\/li>\n<li><a class=\"wp-block-latest-posts__post-title\" href=\"https:\/\/egeperinatoloji.org\/?p=1092\">Yeni RSV Sezonunda Bizi Neler Bekliyor? 27 Eyl\u00fcl 2022<\/a><\/li>\n<li><a class=\"wp-block-latest-posts__post-title\" href=\"https:\/\/egeperinatoloji.org\/?p=1077\">Anne Karn\u0131ndan Ergenli\u011fe Covid-19 Pandemisinin \u00d6\u011frettikleri Sempozyumu 4 Haziran 2022<\/a><\/li>\n<li><a class=\"wp-block-latest-posts__post-title\" href=\"https:\/\/egeperinatoloji.org\/?p=1052\">Kad\u0131n Do\u011fum Prati\u011finde Zorlan\u0131lan Konular 11 May\u0131s 2022 (Hibrit)<\/a><\/li>\n<li><a class=\"wp-block-latest-posts__post-title\" href=\"https:\/\/egeperinatoloji.org\/?p=1017\">Kad\u0131n Do\u011fumda \u00d6nemli Konular De\u011ferlendirme Kursu 23 Mart 2022 (Hibrit)<\/a><\/li>\n<li><a class=\"wp-block-latest-posts__post-title\" href=\"https:\/\/egeperinatoloji.org\/?p=1003\">Uygulamal\u0131 Biyoistatistik Kursu 27 \u015eubat 2022<\/a><\/li>\n<li><a class=\"wp-block-latest-posts__post-title\" href=\"https:\/\/egeperinatoloji.org\/?p=986\">3 panelist, 3 konu ba\u015fl\u0131\u011f\u0131 ve 3 dakika &#8211; 20 Ocak 2022<\/a><\/li>\n<li><a class=\"wp-block-latest-posts__post-title\" href=\"https:\/\/egeperinatoloji.org\/?p=950\">Gebelik ve Pandemide Beslenme 14 Aral\u0131k 2021<\/a><\/li>\n<li><a class=\"wp-block-latest-posts__post-title\" href=\"https:\/\/egeperinatoloji.org\/?p=932\">Jinekoloji ve Obstetrik&#8217;te Merak Edilenler 23 Eyl\u00fcl 2021 (webinar)<\/a><\/li>\n<li><a class=\"wp-block-latest-posts__post-title\" href=\"https:\/\/egeperinatoloji.org\/?p=898\">Preeklamsiye G\u00fcncel Yakla\u015f\u0131m 20 May\u0131s 2021 (webinar)<\/a><\/li>\n<li><a class=\"wp-block-latest-posts__post-title\" href=\"https:\/\/egeperinatoloji.org\/?p=909\">\u0130leri Biyoistatistik Kursu 23 May\u0131s 2021<\/a><\/li>\n<li><a class=\"wp-block-latest-posts__post-title\" href=\"https:\/\/egeperinatoloji.org\/?p=877\">Normal Do\u011fumda S\u00fcrd\u00fcr\u00fclebilir Uygulamalar III 6 Nisan 2021<\/a><\/li>\n<li><a class=\"wp-block-latest-posts__post-title\" href=\"https:\/\/egeperinatoloji.org\/?p=862\">Gebelikte Anemi ve Kanama Y\u00f6netimi 11 Mart 2021 (Webinar)<\/a><\/li>\n<li><a class=\"wp-block-latest-posts__post-title\" href=\"https:\/\/egeperinatoloji.org\/?p=866\">Biyoistatistik Kursu 07 Mart 2021<\/a><\/li>\n<li><a class=\"wp-block-latest-posts__post-title\" href=\"https:\/\/egeperinatoloji.org\/?p=855\">Yard\u0131mc\u0131 \u00dcreme Teknikleri ve Gebelik Takibinde G\u00fcncel Yakla\u015f\u0131mlar 18 \u015eubat 2021 (Webinar)<\/a><\/li>\n<li><a class=\"wp-block-latest-posts__post-title\" href=\"https:\/\/egeperinatoloji.org\/?p=851\">Erken Do\u011fuma G\u00fcncel Yakla\u015f\u0131m 27 Ocak 2021 (Webinar)<\/a><\/li>\n<li><a class=\"wp-block-latest-posts__post-title\" href=\"https:\/\/egeperinatoloji.org\/?p=823\">Gebelik Takibinde Ultrasonografi 23 Aral\u0131k 2020 (Webinar)<\/a><\/li>\n<li><a class=\"wp-block-latest-posts__post-title\" href=\"https:\/\/egeperinatoloji.org\/?p=800\">Gebelik Y\u00f6netiminde Zorlay\u0131c\u0131 Konular 18 Kas\u0131m 2020 (Webinar)<\/a><\/li>\n<li><a class=\"wp-block-latest-posts__post-title\" href=\"https:\/\/egeperinatoloji.org\/?p=766\">Yeni D\u00f6nemde Bizi Ne Bekliyor? 24 Haziran 2020 (webinar)<\/a><\/li>\n<li><a class=\"wp-block-latest-posts__post-title\" href=\"https:\/\/egeperinatoloji.org\/?p=625\">Gestasyonel Hipertansif Hastal\u0131klara Multidisipliner Yakla\u015f\u0131m 11 Mart 2020<\/a><\/li>\n<li><a class=\"wp-block-latest-posts__post-title\" href=\"https:\/\/egeperinatoloji.org\/?p=496\">Maternal ve Fetal Gastrointestinal Sistem Hastal\u0131klar\u0131na Yakla\u015f\u0131m 12 \u015eubat 2020<\/a><\/li>\n<li><a class=\"wp-block-latest-posts__post-title\" href=\"https:\/\/egeperinatoloji.org\/?p=487\">Perinatoloji&#8217;de Anemi ve Trombofili 15 Ocak 2020<\/a><\/li>\n<li><a class=\"wp-block-latest-posts__post-title\" href=\"https:\/\/egeperinatoloji.org\/?p=95\">Non-\u0130nvaziv Prenatal Tarama&#8217;da G\u00fcncel Durum (11 Aral\u0131k 2019)<\/a><\/li>\n<li><a class=\"wp-block-latest-posts__post-title\" href=\"https:\/\/egeperinatoloji.org\/?p=92\">Perinatoloji Prati\u011fi&#8217;nde D Vitamini ve Etkileri (13 Kas\u0131m 2019)<\/a><\/li>\n<li><a class=\"wp-block-latest-posts__post-title\" href=\"https:\/\/egeperinatoloji.org\/?p=79\">Konjenital Kalp Hastal\u0131klar\u0131na Multidisipliner Yakla\u015f\u0131m (10 Nisan 2019)<\/a><\/li>\n<li><a class=\"wp-block-latest-posts__post-title\" href=\"https:\/\/egeperinatoloji.org\/?p=76\">Erken Do\u011fum \u0130\u00e7in G\u00fcncel Yakla\u015f\u0131mlar (13 Mart 2019)<\/a><\/li>\n<li><a class=\"wp-block-latest-posts__post-title\" href=\"https:\/\/egeperinatoloji.org\/?p=73\">Santral Sinir Sistemi Anomalileri&#8217;ne Multidisipliner Yakla\u015f\u0131m (13 \u015eubat 2019)<\/a><\/li>\n<li><a class=\"wp-block-latest-posts__post-title\" href=\"https:\/\/egeperinatoloji.org\/?p=70\">Perinatal Takip ve Beslenme (09 Ocak 2019)<\/a><\/li>\n<li><a class=\"wp-block-latest-posts__post-title\" href=\"https:\/\/egeperinatoloji.org\/?p=67\">Perinatal Troid Hastal\u0131klar\u0131 (15 May\u0131s 2018)<\/a><\/li>\n<li><a class=\"wp-block-latest-posts__post-title\" href=\"https:\/\/egeperinatoloji.org\/?p=64\">Tekrarlayan Gebelik Kayb\u0131 (18 Nisan 2018)<\/a><\/li>\n<li><a class=\"wp-block-latest-posts__post-title\" href=\"https:\/\/egeperinatoloji.org\/?p=61\">Non-invaziv Prenatal Tarama (21 Mart 2018)<\/a><\/li>\n<li><a class=\"wp-block-latest-posts__post-title\" href=\"https:\/\/egeperinatoloji.org\/?p=58\">Gestasyonel Diyabet (28 \u015eubat 2018)<\/a><\/li>\n<li><a class=\"wp-block-latest-posts__post-title\" href=\"https:\/\/egeperinatoloji.org\/?p=55\">\u0130ntrauterin B\u00fcy\u00fcme K\u0131s\u0131tl\u0131l\u0131\u011f\u0131 (27 Aral\u0131k 2017)<\/a><\/li>\n<li><a class=\"wp-block-latest-posts__post-title\" href=\"https:\/\/egeperinatoloji.org\/?p=52\">Perinatal Asfiksi (22 Kas\u0131m 2017)<\/a><\/li>\n<li><a class=\"wp-block-latest-posts__post-title\" href=\"https:\/\/egeperinatoloji.org\/?p=47\">Fetal Kalp Muayenesi (18 Ocak 2017)<\/a><\/li>\n<li><a class=\"wp-block-latest-posts__post-title\" href=\"https:\/\/egeperinatoloji.org\/?p=41\">Non-invaziv Prenatal Tarama Testi (21 Aral\u0131k 2016)<\/a><\/li>\n<li><a class=\"wp-block-latest-posts__post-title\" href=\"https:\/\/egeperinatoloji.org\/?p=38\">Erken Do\u011fuma Multidisipliner G\u00fcncel Yakla\u015f\u0131m (16 Kas\u0131m 2016)<\/a><\/li>\n<\/ul>","protected":false},"excerpt":{"rendered":"","protected":false},"author":1,"featured_media":0,"parent":0,"menu_order":0,"comment_status":"closed","ping_status":"closed","template":"","meta":{"footnotes":""},"class_list":["post-31","page","type-page","status-publish","hentry"],"_links":{"self":[{"href":"https:\/\/egeperinatoloji.org\/index.php?rest_route=\/wp\/v2\/pages\/31","targetHints":{"allow":["GET"]}}],"collection":[{"href":"https:\/\/egeperinatoloji.org\/index.php?rest_route=\/wp\/v2\/pages"}],"about":[{"href":"https:\/\/egeperinatoloji.org\/index.php?rest_route=\/wp\/v2\/types\/page"}],"author":[{"embeddable":true,"href":"https:\/\/egeperinatoloji.org\/index.php?rest_route=\/wp\/v2\/users\/1"}],"replies":[{"embeddable":true,"href":"https:\/\/egeperinatoloji.org\/index.php?rest_route=%2Fwp%2Fv2%2Fcomments&post=31"}],"version-history":[{"count":0,"href":"https:\/\/egeperinatoloji.org\/index.php?rest_route=\/wp\/v2\/pages\/31\/revisions"}],"wp:attachment":[{"href":"https:\/\/egeperinatoloji.org\/index.php?rest_route=%2Fwp%2Fv2%2Fmedia&parent=31"}],"curies":[{"name":"wp","href":"https:\/\/api.w.org\/{rel}","templated":true}]}}