{"id":33,"date":"2019-12-02T11:30:16","date_gmt":"2019-12-02T08:30:16","guid":{"rendered":"https:\/\/egeperinatoloji.org\/?page_id=33"},"modified":"2019-12-02T14:10:26","modified_gmt":"2019-12-02T11:10:26","slug":"destekledigimiz-etkinlikler","status":"publish","type":"page","link":"https:\/\/egeperinatoloji.org\/?page_id=33","title":{"rendered":"Destekledi\u011fimiz Etkinlikler"},"content":{"rendered":"<ul class=\"wp-block-latest-posts__list wp-block-latest-posts\"><li><a class=\"wp-block-latest-posts__post-title\" href=\"https:\/\/egeperinatoloji.org\/?p=1077\">Anne Karn\u0131ndan Ergenli\u011fe Covid-19 Pandemisinin \u00d6\u011frettikleri Sempozyumu 4 Haziran 2022<\/a><\/li>\n<li><a class=\"wp-block-latest-posts__post-title\" href=\"https:\/\/egeperinatoloji.org\/?p=1038\">Gen\u00e7 Jinekologlar Soruyor, Konunun Uzmanlar\u0131 Yan\u0131tl\u0131yor 29 Mart 2022 (zoom)<\/a><\/li>\n<li><a class=\"wp-block-latest-posts__post-title\" href=\"https:\/\/egeperinatoloji.org\/?p=877\">Normal Do\u011fumda S\u00fcrd\u00fcr\u00fclebilir Uygulamalar III 6 Nisan 2021<\/a><\/li>\n<li><a class=\"wp-block-latest-posts__post-title\" href=\"https:\/\/egeperinatoloji.org\/?p=89\">Normal Do\u011fumda S\u00fcrd\u00fcr\u00fclebilir Uygulamalar-II (28 Kas\u0131m 2019)<\/a><\/li>\n<li><a class=\"wp-block-latest-posts__post-title\" href=\"https:\/\/egeperinatoloji.org\/?p=86\">Fetal Kardiyak Tan\u0131 ve Hasta Y\u00f6netimi (26 Eyl\u00fcl 2019)<\/a><\/li>\n<li><a class=\"wp-block-latest-posts__post-title\" href=\"https:\/\/egeperinatoloji.org\/?p=82\">Bahar Sempozyumu &#8220;Perinatoloji&#8221; (20-21 Nisan 2019)<\/a><\/li>\n<\/ul>","protected":false},"excerpt":{"rendered":"","protected":false},"author":1,"featured_media":0,"parent":0,"menu_order":0,"comment_status":"closed","ping_status":"closed","template":"","meta":{"footnotes":""},"class_list":["post-33","page","type-page","status-publish","hentry"],"_links":{"self":[{"href":"https:\/\/egeperinatoloji.org\/index.php?rest_route=\/wp\/v2\/pages\/33","targetHints":{"allow":["GET"]}}],"collection":[{"href":"https:\/\/egeperinatoloji.org\/index.php?rest_route=\/wp\/v2\/pages"}],"about":[{"href":"https:\/\/egeperinatoloji.org\/index.php?rest_route=\/wp\/v2\/types\/page"}],"author":[{"embeddable":true,"href":"https:\/\/egeperinatoloji.org\/index.php?rest_route=\/wp\/v2\/users\/1"}],"replies":[{"embeddable":true,"href":"https:\/\/egeperinatoloji.org\/index.php?rest_route=%2Fwp%2Fv2%2Fcomments&post=33"}],"version-history":[{"count":0,"href":"https:\/\/egeperinatoloji.org\/index.php?rest_route=\/wp\/v2\/pages\/33\/revisions"}],"wp:attachment":[{"href":"https:\/\/egeperinatoloji.org\/index.php?rest_route=%2Fwp%2Fv2%2Fmedia&parent=33"}],"curies":[{"name":"wp","href":"https:\/\/api.w.org\/{rel}","templated":true}]}}