{"id":35,"date":"2019-12-02T11:31:02","date_gmt":"2019-12-02T08:31:02","guid":{"rendered":"https:\/\/egeperinatoloji.org\/?page_id=35"},"modified":"2024-07-31T11:58:46","modified_gmt":"2024-07-31T08:58:46","slug":"yonetim-kurulu","status":"publish","type":"page","link":"https:\/\/egeperinatoloji.org\/?page_id=35","title":{"rendered":"Y\u00f6netim Kurulu"},"content":{"rendered":"\n<div class=\"wp-block-group\"><div class=\"wp-block-group__inner-container is-layout-flow wp-block-group-is-layout-flow\">\n<figure class=\"wp-block-gallery has-nested-images columns-4 is-cropped wp-block-gallery-1 is-layout-flex wp-block-gallery-is-layout-flex\">\n<figure class=\"wp-block-image\"><img decoding=\"async\" width=\"768\" height=\"1024\" data-id=\"621\" src=\"https:\/\/egeperinatoloji.org\/wp-content\/uploads\/2020\/01\/WhatsApp-Image-2020-01-15-at-12.30.15-768x1024.jpeg\" alt=\"\" class=\"wp-image-621\" srcset=\"https:\/\/egeperinatoloji.org\/wp-content\/uploads\/2020\/01\/WhatsApp-Image-2020-01-15-at-12.30.15-768x1024.jpeg 768w, https:\/\/egeperinatoloji.org\/wp-content\/uploads\/2020\/01\/WhatsApp-Image-2020-01-15-at-12.30.15-225x300.jpeg 225w, https:\/\/egeperinatoloji.org\/wp-content\/uploads\/2020\/01\/WhatsApp-Image-2020-01-15-at-12.30.15-1152x1536.jpeg 1152w, https:\/\/egeperinatoloji.org\/wp-content\/uploads\/2020\/01\/WhatsApp-Image-2020-01-15-at-12.30.15.jpeg 1200w\" sizes=\"(max-width: 768px) 100vw, 768px\" \/><figcaption class=\"wp-element-caption\"> Sekreter:<strong>\u00d6zge Altun K\u00f6ro\u011flu<\/strong> <\/figcaption><\/figure>\n\n\n\n<figure class=\"wp-block-image\"><img decoding=\"async\" width=\"800\" height=\"800\" data-id=\"622\" src=\"https:\/\/egeperinatoloji.org\/wp-content\/uploads\/2020\/01\/WhatsApp-Image-2020-01-16-at-20.37.22.jpeg\" alt=\"\" class=\"wp-image-622\" srcset=\"https:\/\/egeperinatoloji.org\/wp-content\/uploads\/2020\/01\/WhatsApp-Image-2020-01-16-at-20.37.22.jpeg 800w, https:\/\/egeperinatoloji.org\/wp-content\/uploads\/2020\/01\/WhatsApp-Image-2020-01-16-at-20.37.22-300x300.jpeg 300w, https:\/\/egeperinatoloji.org\/wp-content\/uploads\/2020\/01\/WhatsApp-Image-2020-01-16-at-20.37.22-150x150.jpeg 150w, https:\/\/egeperinatoloji.org\/wp-content\/uploads\/2020\/01\/WhatsApp-Image-2020-01-16-at-20.37.22-768x768.jpeg 768w, https:\/\/egeperinatoloji.org\/wp-content\/uploads\/2020\/01\/WhatsApp-Image-2020-01-16-at-20.37.22-160x160.jpeg 160w, https:\/\/egeperinatoloji.org\/wp-content\/uploads\/2020\/01\/WhatsApp-Image-2020-01-16-at-20.37.22-320x320.jpeg 320w\" sizes=\"(max-width: 800px) 100vw, 800px\" \/><figcaption class=\"wp-element-caption\"> Sayman:<strong>Tahir Atik<\/strong> <\/figcaption><\/figure>\n\n\n\n<figure class=\"wp-block-image\"><img decoding=\"async\" width=\"413\" height=\"531\" data-id=\"121\" src=\"https:\/\/egeperinatoloji.org\/wp-content\/uploads\/2019\/12\/foto.jpg\" alt=\"\" class=\"wp-image-121\" srcset=\"https:\/\/egeperinatoloji.org\/wp-content\/uploads\/2019\/12\/foto.jpg 413w, https:\/\/egeperinatoloji.org\/wp-content\/uploads\/2019\/12\/foto-233x300.jpg 233w\" sizes=\"(max-width: 413px) 100vw, 413px\" \/><figcaption class=\"wp-element-caption\"> <strong>\u00dcye:Erhan Par\u0131ltay<\/strong> <\/figcaption><\/figure>\n\n\n\n<figure class=\"wp-block-image size-large\"><img decoding=\"async\" width=\"225\" height=\"225\" data-id=\"1150\" src=\"https:\/\/egeperinatoloji.org\/wp-content\/uploads\/2024\/07\/images.jpg\" alt=\"\" class=\"wp-image-1150\" srcset=\"https:\/\/egeperinatoloji.org\/wp-content\/uploads\/2024\/07\/images.jpg 225w, https:\/\/egeperinatoloji.org\/wp-content\/uploads\/2024\/07\/images-150x150.jpg 150w, https:\/\/egeperinatoloji.org\/wp-content\/uploads\/2024\/07\/images-80x80.jpg 80w\" sizes=\"(max-width: 225px) 100vw, 225px\" \/><figcaption class=\"wp-element-caption\">\u00dcye: Ezgi Bilicen<\/figcaption><\/figure>\n\n\n\n<figure class=\"wp-block-image\"><img decoding=\"async\" width=\"1024\" height=\"985\" data-id=\"122\" src=\"https:\/\/egeperinatoloji.org\/wp-content\/uploads\/2019\/12\/20190705_134610-1024x985.jpg\" alt=\"\" class=\"wp-image-122\" srcset=\"https:\/\/egeperinatoloji.org\/wp-content\/uploads\/2019\/12\/20190705_134610-1024x985.jpg 1024w, https:\/\/egeperinatoloji.org\/wp-content\/uploads\/2019\/12\/20190705_134610-300x289.jpg 300w, https:\/\/egeperinatoloji.org\/wp-content\/uploads\/2019\/12\/20190705_134610-768x739.jpg 768w, https:\/\/egeperinatoloji.org\/wp-content\/uploads\/2019\/12\/20190705_134610.jpg 1489w\" sizes=\"(max-width: 1024px) 100vw, 1024px\" \/><figcaption class=\"wp-element-caption\"> Ba\u015fkan:&nbsp;<strong>Erkan \u00c7a\u011fl\u0131yan<\/strong><\/figcaption><\/figure>\n<\/figure>\n<\/div><\/div>\n","protected":false},"excerpt":{"rendered":"","protected":false},"author":1,"featured_media":0,"parent":0,"menu_order":0,"comment_status":"closed","ping_status":"closed","template":"","meta":{"footnotes":""},"class_list":["post-35","page","type-page","status-publish","hentry"],"_links":{"self":[{"href":"https:\/\/egeperinatoloji.org\/index.php?rest_route=\/wp\/v2\/pages\/35","targetHints":{"allow":["GET"]}}],"collection":[{"href":"https:\/\/egeperinatoloji.org\/index.php?rest_route=\/wp\/v2\/pages"}],"about":[{"href":"https:\/\/egeperinatoloji.org\/index.php?rest_route=\/wp\/v2\/types\/page"}],"author":[{"embeddable":true,"href":"https:\/\/egeperinatoloji.org\/index.php?rest_route=\/wp\/v2\/users\/1"}],"replies":[{"embeddable":true,"href":"https:\/\/egeperinatoloji.org\/index.php?rest_route=%2Fwp%2Fv2%2Fcomments&post=35"}],"version-history":[{"count":3,"href":"https:\/\/egeperinatoloji.org\/index.php?rest_route=\/wp\/v2\/pages\/35\/revisions"}],"predecessor-version":[{"id":1155,"href":"https:\/\/egeperinatoloji.org\/index.php?rest_route=\/wp\/v2\/pages\/35\/revisions\/1155"}],"wp:attachment":[{"href":"https:\/\/egeperinatoloji.org\/index.php?rest_route=%2Fwp%2Fv2%2Fmedia&parent=35"}],"curies":[{"name":"wp","href":"https:\/\/api.w.org\/{rel}","templated":true}]}}